{"id":25739,"date":"2026-04-02T10:34:37","date_gmt":"2026-04-02T08:34:37","guid":{"rendered":"https:\/\/birobox.hr\/luna\/?post_type=product&#038;p=25739"},"modified":"2026-04-02T13:33:24","modified_gmt":"2026-04-02T11:33:24","slug":"blok-samoljepljivi-76x76mm-zuti-400l-q-connect","status":"publish","type":"product","link":"https:\/\/birobox.hr\/luna\/shop\/blok-samoljepljivi-76x76mm-zuti-400l-q-connect\/","title":{"rendered":"Blok samoljepljivi 76x76mm \u017euti 400L Q-CONNECT"},"content":{"rendered":"","protected":false},"excerpt":{"rendered":"<p>univerzalni \u017euti listi\u0107i najpopularnije veli\u010dine;<br \/>\nBroj listova: 400list;<br \/>\nVeli\u010dina: 76x76mm;<br \/>\nmasa: 63gsm<br \/>\nSloj ljepila du\u017e duljeg ruba;<br \/>\nLjepilo se mo\u017ee ukloniti vodom,<br \/>\nboja: svijetlo \u017euta; pk12\/144<br \/>\nCertifikat FSC<\/p>\n<div style=\"margin-bottom: 2em;\">\n","protected":false},"featured_media":25742,"comment_status":"closed","ping_status":"closed","template":"","meta":[],"product_brand":[],"product_cat":[128,82],"product_tag":[79],"class_list":{"0":"post-25739","1":"product","2":"type-product","3":"status-publish","4":"has-post-thumbnail","6":"product_cat-blokovi-samoljepljivi-i-zastavice","7":"product_cat-papir-i-papirna-konfekcija","8":"product_tag-q-connect","9":"pa_boja-zuta","10":"pa_format-787","11":"pa_format-76x76","12":"pa_proizvodac-qc","13":"pa_tezina-400l","14":"pa_vrsta-proizvoda-sb","16":"first","17":"instock","18":"taxable","19":"shipping-taxable","20":"purchasable","21":"product-type-simple"},"yoast_head":"<!-- This site is optimized with the Yoast SEO plugin v27.4 - https:\/\/yoast.com\/product\/yoast-seo-wordpress\/ -->\n<title>Blok samoljepljivi 76x76mm \u017euti 400L Q-CONNECT - Birobox.hr<\/title>\n<meta name=\"robots\" content=\"noindex, follow, max-snippet:-1, max-image-preview:large, max-video-preview:-1\" \/>\n<meta property=\"og:locale\" content=\"hr_HR\" \/>\n<meta property=\"og:type\" content=\"article\" \/>\n<meta property=\"og:title\" content=\"Blok samoljepljivi 76x76mm \u017euti 400L Q-CONNECT - Birobox.hr\" \/>\n<meta property=\"og:description\" content=\"univerzalni \u017euti listi\u0107i najpopularnije veli\u010dine; Broj listova: 400list; Veli\u010dina: 76x76mm; masa: 63gsm Sloj ljepila du\u017e duljeg ruba; Ljepilo se mo\u017ee ukloniti vodom, boja: svijetlo \u017euta; pk12\/144 Certifikat FSC\" \/>\n<meta property=\"og:url\" content=\"https:\/\/birobox.hr\/luna\/shop\/blok-samoljepljivi-76x76mm-zuti-400l-q-connect\/\" \/>\n<meta property=\"og:site_name\" content=\"Birobox.hr\" \/>\n<meta property=\"article:publisher\" content=\"https:\/\/www.facebook.com\/dominamhr\/\" \/>\n<meta property=\"article:modified_time\" content=\"2026-04-02T11:33:24+00:00\" \/>\n<meta property=\"og:image\" content=\"https:\/\/birobox.hr\/luna\/wp-content\/uploads\/2026\/04\/2744668.jpg\" \/>\n\t<meta property=\"og:image:width\" content=\"480\" \/>\n\t<meta property=\"og:image:height\" content=\"480\" \/>\n\t<meta property=\"og:image:type\" content=\"image\/jpeg\" \/>\n<meta name=\"twitter:card\" content=\"summary_large_image\" \/>\n<script type=\"application\/ld+json\" class=\"yoast-schema-graph\">{\"@context\":\"https:\\\/\\\/schema.org\",\"@graph\":[{\"@type\":\"WebPage\",\"@id\":\"https:\\\/\\\/birobox.hr\\\/luna\\\/shop\\\/blok-samoljepljivi-76x76mm-zuti-400l-q-connect\\\/\",\"url\":\"https:\\\/\\\/birobox.hr\\\/luna\\\/shop\\\/blok-samoljepljivi-76x76mm-zuti-400l-q-connect\\\/\",\"name\":\"Blok samoljepljivi 76x76mm \u017euti 400L Q-CONNECT - Birobox.hr\",\"isPartOf\":{\"@id\":\"https:\\\/\\\/birobox.hr\\\/luna\\\/#website\"},\"primaryImageOfPage\":{\"@id\":\"https:\\\/\\\/birobox.hr\\\/luna\\\/shop\\\/blok-samoljepljivi-76x76mm-zuti-400l-q-connect\\\/#primaryimage\"},\"image\":{\"@id\":\"https:\\\/\\\/birobox.hr\\\/luna\\\/shop\\\/blok-samoljepljivi-76x76mm-zuti-400l-q-connect\\\/#primaryimage\"},\"thumbnailUrl\":\"https:\\\/\\\/birobox.hr\\\/luna\\\/wp-content\\\/uploads\\\/2026\\\/04\\\/2744668.jpg\",\"datePublished\":\"2026-04-02T08:34:37+00:00\",\"dateModified\":\"2026-04-02T11:33:24+00:00\",\"breadcrumb\":{\"@id\":\"https:\\\/\\\/birobox.hr\\\/luna\\\/shop\\\/blok-samoljepljivi-76x76mm-zuti-400l-q-connect\\\/#breadcrumb\"},\"inLanguage\":\"hr\",\"potentialAction\":[{\"@type\":\"ReadAction\",\"target\":[\"https:\\\/\\\/birobox.hr\\\/luna\\\/shop\\\/blok-samoljepljivi-76x76mm-zuti-400l-q-connect\\\/\"]}]},{\"@type\":\"ImageObject\",\"inLanguage\":\"hr\",\"@id\":\"https:\\\/\\\/birobox.hr\\\/luna\\\/shop\\\/blok-samoljepljivi-76x76mm-zuti-400l-q-connect\\\/#primaryimage\",\"url\":\"https:\\\/\\\/birobox.hr\\\/luna\\\/wp-content\\\/uploads\\\/2026\\\/04\\\/2744668.jpg\",\"contentUrl\":\"https:\\\/\\\/birobox.hr\\\/luna\\\/wp-content\\\/uploads\\\/2026\\\/04\\\/2744668.jpg\",\"width\":480,\"height\":480},{\"@type\":\"BreadcrumbList\",\"@id\":\"https:\\\/\\\/birobox.hr\\\/luna\\\/shop\\\/blok-samoljepljivi-76x76mm-zuti-400l-q-connect\\\/#breadcrumb\",\"itemListElement\":[{\"@type\":\"ListItem\",\"position\":1,\"name\":\"Po\u010detna stranica\",\"item\":\"https:\\\/\\\/birobox.hr\\\/luna\\\/\"},{\"@type\":\"ListItem\",\"position\":2,\"name\":\"Shop\",\"item\":\"https:\\\/\\\/birobox.hr\\\/luna\\\/shop\\\/\"},{\"@type\":\"ListItem\",\"position\":3,\"name\":\"Blok samoljepljivi 76x76mm \u017euti 400L Q-CONNECT\"}]},{\"@type\":\"WebSite\",\"@id\":\"https:\\\/\\\/birobox.hr\\\/luna\\\/#website\",\"url\":\"https:\\\/\\\/birobox.hr\\\/luna\\\/\",\"name\":\"Birobox.hr\",\"description\":\"\",\"publisher\":{\"@id\":\"https:\\\/\\\/birobox.hr\\\/luna\\\/#organization\"},\"potentialAction\":[{\"@type\":\"SearchAction\",\"target\":{\"@type\":\"EntryPoint\",\"urlTemplate\":\"https:\\\/\\\/birobox.hr\\\/luna\\\/?s={search_term_string}\"},\"query-input\":{\"@type\":\"PropertyValueSpecification\",\"valueRequired\":true,\"valueName\":\"search_term_string\"}}],\"inLanguage\":\"hr\"},{\"@type\":\"Organization\",\"@id\":\"https:\\\/\\\/birobox.hr\\\/luna\\\/#organization\",\"name\":\"Birobox.hr\",\"url\":\"https:\\\/\\\/birobox.hr\\\/luna\\\/\",\"logo\":{\"@type\":\"ImageObject\",\"inLanguage\":\"hr\",\"@id\":\"https:\\\/\\\/birobox.hr\\\/luna\\\/#\\\/schema\\\/logo\\\/image\\\/\",\"url\":\"https:\\\/\\\/birobox.hr\\\/luna\\\/wp-content\\\/uploads\\\/2023\\\/12\\\/cropped-logo-1-1.jpg\",\"contentUrl\":\"https:\\\/\\\/birobox.hr\\\/luna\\\/wp-content\\\/uploads\\\/2023\\\/12\\\/cropped-logo-1-1.jpg\",\"width\":371,\"height\":115,\"caption\":\"Birobox.hr\"},\"image\":{\"@id\":\"https:\\\/\\\/birobox.hr\\\/luna\\\/#\\\/schema\\\/logo\\\/image\\\/\"},\"sameAs\":[\"https:\\\/\\\/www.facebook.com\\\/dominamhr\\\/\"]}]}<\/script>\n<!-- \/ Yoast SEO plugin. -->","yoast_head_json":{"title":"Blok samoljepljivi 76x76mm \u017euti 400L Q-CONNECT - Birobox.hr","robots":{"index":"noindex","follow":"follow","max-snippet":"max-snippet:-1","max-image-preview":"max-image-preview:large","max-video-preview":"max-video-preview:-1"},"og_locale":"hr_HR","og_type":"article","og_title":"Blok samoljepljivi 76x76mm \u017euti 400L Q-CONNECT - Birobox.hr","og_description":"univerzalni \u017euti listi\u0107i najpopularnije veli\u010dine; Broj listova: 400list; Veli\u010dina: 76x76mm; masa: 63gsm Sloj ljepila du\u017e duljeg ruba; Ljepilo se mo\u017ee ukloniti vodom, boja: svijetlo \u017euta; pk12\/144 Certifikat FSC","og_url":"https:\/\/birobox.hr\/luna\/shop\/blok-samoljepljivi-76x76mm-zuti-400l-q-connect\/","og_site_name":"Birobox.hr","article_publisher":"https:\/\/www.facebook.com\/dominamhr\/","article_modified_time":"2026-04-02T11:33:24+00:00","og_image":[{"width":480,"height":480,"url":"https:\/\/birobox.hr\/luna\/wp-content\/uploads\/2026\/04\/2744668.jpg","type":"image\/jpeg"}],"twitter_card":"summary_large_image","schema":{"@context":"https:\/\/schema.org","@graph":[{"@type":"WebPage","@id":"https:\/\/birobox.hr\/luna\/shop\/blok-samoljepljivi-76x76mm-zuti-400l-q-connect\/","url":"https:\/\/birobox.hr\/luna\/shop\/blok-samoljepljivi-76x76mm-zuti-400l-q-connect\/","name":"Blok samoljepljivi 76x76mm \u017euti 400L Q-CONNECT - Birobox.hr","isPartOf":{"@id":"https:\/\/birobox.hr\/luna\/#website"},"primaryImageOfPage":{"@id":"https:\/\/birobox.hr\/luna\/shop\/blok-samoljepljivi-76x76mm-zuti-400l-q-connect\/#primaryimage"},"image":{"@id":"https:\/\/birobox.hr\/luna\/shop\/blok-samoljepljivi-76x76mm-zuti-400l-q-connect\/#primaryimage"},"thumbnailUrl":"https:\/\/birobox.hr\/luna\/wp-content\/uploads\/2026\/04\/2744668.jpg","datePublished":"2026-04-02T08:34:37+00:00","dateModified":"2026-04-02T11:33:24+00:00","breadcrumb":{"@id":"https:\/\/birobox.hr\/luna\/shop\/blok-samoljepljivi-76x76mm-zuti-400l-q-connect\/#breadcrumb"},"inLanguage":"hr","potentialAction":[{"@type":"ReadAction","target":["https:\/\/birobox.hr\/luna\/shop\/blok-samoljepljivi-76x76mm-zuti-400l-q-connect\/"]}]},{"@type":"ImageObject","inLanguage":"hr","@id":"https:\/\/birobox.hr\/luna\/shop\/blok-samoljepljivi-76x76mm-zuti-400l-q-connect\/#primaryimage","url":"https:\/\/birobox.hr\/luna\/wp-content\/uploads\/2026\/04\/2744668.jpg","contentUrl":"https:\/\/birobox.hr\/luna\/wp-content\/uploads\/2026\/04\/2744668.jpg","width":480,"height":480},{"@type":"BreadcrumbList","@id":"https:\/\/birobox.hr\/luna\/shop\/blok-samoljepljivi-76x76mm-zuti-400l-q-connect\/#breadcrumb","itemListElement":[{"@type":"ListItem","position":1,"name":"Po\u010detna stranica","item":"https:\/\/birobox.hr\/luna\/"},{"@type":"ListItem","position":2,"name":"Shop","item":"https:\/\/birobox.hr\/luna\/shop\/"},{"@type":"ListItem","position":3,"name":"Blok samoljepljivi 76x76mm \u017euti 400L Q-CONNECT"}]},{"@type":"WebSite","@id":"https:\/\/birobox.hr\/luna\/#website","url":"https:\/\/birobox.hr\/luna\/","name":"Birobox.hr","description":"","publisher":{"@id":"https:\/\/birobox.hr\/luna\/#organization"},"potentialAction":[{"@type":"SearchAction","target":{"@type":"EntryPoint","urlTemplate":"https:\/\/birobox.hr\/luna\/?s={search_term_string}"},"query-input":{"@type":"PropertyValueSpecification","valueRequired":true,"valueName":"search_term_string"}}],"inLanguage":"hr"},{"@type":"Organization","@id":"https:\/\/birobox.hr\/luna\/#organization","name":"Birobox.hr","url":"https:\/\/birobox.hr\/luna\/","logo":{"@type":"ImageObject","inLanguage":"hr","@id":"https:\/\/birobox.hr\/luna\/#\/schema\/logo\/image\/","url":"https:\/\/birobox.hr\/luna\/wp-content\/uploads\/2023\/12\/cropped-logo-1-1.jpg","contentUrl":"https:\/\/birobox.hr\/luna\/wp-content\/uploads\/2023\/12\/cropped-logo-1-1.jpg","width":371,"height":115,"caption":"Birobox.hr"},"image":{"@id":"https:\/\/birobox.hr\/luna\/#\/schema\/logo\/image\/"},"sameAs":["https:\/\/www.facebook.com\/dominamhr\/"]}]}},"_links":{"self":[{"href":"https:\/\/birobox.hr\/luna\/wp-json\/wp\/v2\/product\/25739","targetHints":{"allow":["GET"]}}],"collection":[{"href":"https:\/\/birobox.hr\/luna\/wp-json\/wp\/v2\/product"}],"about":[{"href":"https:\/\/birobox.hr\/luna\/wp-json\/wp\/v2\/types\/product"}],"replies":[{"embeddable":true,"href":"https:\/\/birobox.hr\/luna\/wp-json\/wp\/v2\/comments?post=25739"}],"wp:featuredmedia":[{"embeddable":true,"href":"https:\/\/birobox.hr\/luna\/wp-json\/wp\/v2\/media\/25742"}],"wp:attachment":[{"href":"https:\/\/birobox.hr\/luna\/wp-json\/wp\/v2\/media?parent=25739"}],"wp:term":[{"taxonomy":"product_brand","embeddable":true,"href":"https:\/\/birobox.hr\/luna\/wp-json\/wp\/v2\/product_brand?post=25739"},{"taxonomy":"product_cat","embeddable":true,"href":"https:\/\/birobox.hr\/luna\/wp-json\/wp\/v2\/product_cat?post=25739"},{"taxonomy":"product_tag","embeddable":true,"href":"https:\/\/birobox.hr\/luna\/wp-json\/wp\/v2\/product_tag?post=25739"}],"curies":[{"name":"wp","href":"https:\/\/api.w.org\/{rel}","templated":true}]}}