{"id":25748,"date":"2026-04-02T14:01:42","date_gmt":"2026-04-02T12:01:42","guid":{"rendered":"https:\/\/birobox.hr\/luna\/?post_type=product&#038;p=25748"},"modified":"2026-04-02T14:03:27","modified_gmt":"2026-04-02T12:03:27","slug":"blok-samoljepljivi-76x76mm-ultra-rainbow-680-listova-q-connect","status":"publish","type":"product","link":"https:\/\/birobox.hr\/luna\/shop\/blok-samoljepljivi-76x76mm-ultra-rainbow-680-listova-q-connect\/","title":{"rendered":"Blok samoljepljivi 76x76mm ULTRA Rainbow 6*80 listova Q-CONNECT"},"content":{"rendered":"","protected":false},"excerpt":{"rendered":"<p>Samoljepljive papir intenzivne boje;<br \/>\nza posao, \u0161kolu i ku\u0107nu uporabu;<br \/>\n\u017eive, fluorescentne boje;<br \/>\nbroj: listova 6*80 listova, veli\u010dine 76x76mm;<br \/>\nza vi\u0161ekratnu upotrebu;<br \/>\nLjepilo mo\u017ee ukloniti vodom,<br \/>\nboja: neon; pak36\/1<\/p>\n<div style=\"margin-bottom: 2em;\">\n","protected":false},"featured_media":25749,"comment_status":"closed","ping_status":"closed","template":"","meta":[],"product_brand":[],"product_cat":[128,82],"product_tag":[79],"class_list":{"0":"post-25748","1":"product","2":"type-product","3":"status-publish","4":"has-post-thumbnail","6":"product_cat-blokovi-samoljepljivi-i-zastavice","7":"product_cat-papir-i-papirna-konfekcija","8":"product_tag-q-connect","9":"pa_boja-mix-boje","10":"pa_boja-vise-boja","11":"pa_format-787","12":"pa_format-76x76","13":"pa_proizvodac-qc","14":"pa_tezina-680-listova","15":"pa_vrsta-proizvoda-sb","17":"first","18":"instock","19":"taxable","20":"shipping-taxable","21":"purchasable","22":"product-type-simple"},"yoast_head":"<!-- This site is optimized with the Yoast SEO plugin v27.4 - https:\/\/yoast.com\/product\/yoast-seo-wordpress\/ -->\n<title>Blok samoljepljivi 76x76mm ULTRA Rainbow 6*80 listova Q-CONNECT - Birobox.hr<\/title>\n<meta name=\"robots\" content=\"noindex, follow, max-snippet:-1, max-image-preview:large, max-video-preview:-1\" \/>\n<meta property=\"og:locale\" content=\"hr_HR\" \/>\n<meta property=\"og:type\" content=\"article\" \/>\n<meta property=\"og:title\" content=\"Blok samoljepljivi 76x76mm ULTRA Rainbow 6*80 listova Q-CONNECT - Birobox.hr\" \/>\n<meta property=\"og:description\" content=\"Samoljepljive papir intenzivne boje; za posao, \u0161kolu i ku\u0107nu uporabu; \u017eive, fluorescentne boje; broj: listova 6*80 listova, veli\u010dine 76x76mm; za vi\u0161ekratnu upotrebu; Ljepilo mo\u017ee ukloniti vodom, boja: neon; pak36\/1\" \/>\n<meta property=\"og:url\" content=\"https:\/\/birobox.hr\/luna\/shop\/blok-samoljepljivi-76x76mm-ultra-rainbow-680-listova-q-connect\/\" \/>\n<meta property=\"og:site_name\" content=\"Birobox.hr\" \/>\n<meta property=\"article:publisher\" content=\"https:\/\/www.facebook.com\/dominamhr\/\" \/>\n<meta property=\"article:modified_time\" content=\"2026-04-02T12:03:27+00:00\" \/>\n<meta property=\"og:image\" content=\"https:\/\/birobox.hr\/luna\/wp-content\/uploads\/2026\/04\/KF02515.jpg\" \/>\n\t<meta property=\"og:image:width\" content=\"480\" \/>\n\t<meta property=\"og:image:height\" content=\"480\" \/>\n\t<meta property=\"og:image:type\" content=\"image\/jpeg\" \/>\n<meta name=\"twitter:card\" content=\"summary_large_image\" \/>\n<script type=\"application\/ld+json\" class=\"yoast-schema-graph\">{\"@context\":\"https:\\\/\\\/schema.org\",\"@graph\":[{\"@type\":\"WebPage\",\"@id\":\"https:\\\/\\\/birobox.hr\\\/luna\\\/shop\\\/blok-samoljepljivi-76x76mm-ultra-rainbow-680-listova-q-connect\\\/\",\"url\":\"https:\\\/\\\/birobox.hr\\\/luna\\\/shop\\\/blok-samoljepljivi-76x76mm-ultra-rainbow-680-listova-q-connect\\\/\",\"name\":\"Blok samoljepljivi 76x76mm ULTRA Rainbow 6*80 listova Q-CONNECT - Birobox.hr\",\"isPartOf\":{\"@id\":\"https:\\\/\\\/birobox.hr\\\/luna\\\/#website\"},\"primaryImageOfPage\":{\"@id\":\"https:\\\/\\\/birobox.hr\\\/luna\\\/shop\\\/blok-samoljepljivi-76x76mm-ultra-rainbow-680-listova-q-connect\\\/#primaryimage\"},\"image\":{\"@id\":\"https:\\\/\\\/birobox.hr\\\/luna\\\/shop\\\/blok-samoljepljivi-76x76mm-ultra-rainbow-680-listova-q-connect\\\/#primaryimage\"},\"thumbnailUrl\":\"https:\\\/\\\/birobox.hr\\\/luna\\\/wp-content\\\/uploads\\\/2026\\\/04\\\/KF02515.jpg\",\"datePublished\":\"2026-04-02T12:01:42+00:00\",\"dateModified\":\"2026-04-02T12:03:27+00:00\",\"breadcrumb\":{\"@id\":\"https:\\\/\\\/birobox.hr\\\/luna\\\/shop\\\/blok-samoljepljivi-76x76mm-ultra-rainbow-680-listova-q-connect\\\/#breadcrumb\"},\"inLanguage\":\"hr\",\"potentialAction\":[{\"@type\":\"ReadAction\",\"target\":[\"https:\\\/\\\/birobox.hr\\\/luna\\\/shop\\\/blok-samoljepljivi-76x76mm-ultra-rainbow-680-listova-q-connect\\\/\"]}]},{\"@type\":\"ImageObject\",\"inLanguage\":\"hr\",\"@id\":\"https:\\\/\\\/birobox.hr\\\/luna\\\/shop\\\/blok-samoljepljivi-76x76mm-ultra-rainbow-680-listova-q-connect\\\/#primaryimage\",\"url\":\"https:\\\/\\\/birobox.hr\\\/luna\\\/wp-content\\\/uploads\\\/2026\\\/04\\\/KF02515.jpg\",\"contentUrl\":\"https:\\\/\\\/birobox.hr\\\/luna\\\/wp-content\\\/uploads\\\/2026\\\/04\\\/KF02515.jpg\",\"width\":480,\"height\":480},{\"@type\":\"BreadcrumbList\",\"@id\":\"https:\\\/\\\/birobox.hr\\\/luna\\\/shop\\\/blok-samoljepljivi-76x76mm-ultra-rainbow-680-listova-q-connect\\\/#breadcrumb\",\"itemListElement\":[{\"@type\":\"ListItem\",\"position\":1,\"name\":\"Po\u010detna stranica\",\"item\":\"https:\\\/\\\/birobox.hr\\\/luna\\\/\"},{\"@type\":\"ListItem\",\"position\":2,\"name\":\"Shop\",\"item\":\"https:\\\/\\\/birobox.hr\\\/luna\\\/shop\\\/\"},{\"@type\":\"ListItem\",\"position\":3,\"name\":\"Blok samoljepljivi 76x76mm ULTRA Rainbow 6*80 listova Q-CONNECT\"}]},{\"@type\":\"WebSite\",\"@id\":\"https:\\\/\\\/birobox.hr\\\/luna\\\/#website\",\"url\":\"https:\\\/\\\/birobox.hr\\\/luna\\\/\",\"name\":\"Birobox.hr\",\"description\":\"\",\"publisher\":{\"@id\":\"https:\\\/\\\/birobox.hr\\\/luna\\\/#organization\"},\"potentialAction\":[{\"@type\":\"SearchAction\",\"target\":{\"@type\":\"EntryPoint\",\"urlTemplate\":\"https:\\\/\\\/birobox.hr\\\/luna\\\/?s={search_term_string}\"},\"query-input\":{\"@type\":\"PropertyValueSpecification\",\"valueRequired\":true,\"valueName\":\"search_term_string\"}}],\"inLanguage\":\"hr\"},{\"@type\":\"Organization\",\"@id\":\"https:\\\/\\\/birobox.hr\\\/luna\\\/#organization\",\"name\":\"Birobox.hr\",\"url\":\"https:\\\/\\\/birobox.hr\\\/luna\\\/\",\"logo\":{\"@type\":\"ImageObject\",\"inLanguage\":\"hr\",\"@id\":\"https:\\\/\\\/birobox.hr\\\/luna\\\/#\\\/schema\\\/logo\\\/image\\\/\",\"url\":\"https:\\\/\\\/birobox.hr\\\/luna\\\/wp-content\\\/uploads\\\/2023\\\/12\\\/cropped-logo-1-1.jpg\",\"contentUrl\":\"https:\\\/\\\/birobox.hr\\\/luna\\\/wp-content\\\/uploads\\\/2023\\\/12\\\/cropped-logo-1-1.jpg\",\"width\":371,\"height\":115,\"caption\":\"Birobox.hr\"},\"image\":{\"@id\":\"https:\\\/\\\/birobox.hr\\\/luna\\\/#\\\/schema\\\/logo\\\/image\\\/\"},\"sameAs\":[\"https:\\\/\\\/www.facebook.com\\\/dominamhr\\\/\"]}]}<\/script>\n<!-- \/ Yoast SEO plugin. -->","yoast_head_json":{"title":"Blok samoljepljivi 76x76mm ULTRA Rainbow 6*80 listova Q-CONNECT - Birobox.hr","robots":{"index":"noindex","follow":"follow","max-snippet":"max-snippet:-1","max-image-preview":"max-image-preview:large","max-video-preview":"max-video-preview:-1"},"og_locale":"hr_HR","og_type":"article","og_title":"Blok samoljepljivi 76x76mm ULTRA Rainbow 6*80 listova Q-CONNECT - Birobox.hr","og_description":"Samoljepljive papir intenzivne boje; za posao, \u0161kolu i ku\u0107nu uporabu; \u017eive, fluorescentne boje; broj: listova 6*80 listova, veli\u010dine 76x76mm; za vi\u0161ekratnu upotrebu; Ljepilo mo\u017ee ukloniti vodom, boja: neon; pak36\/1","og_url":"https:\/\/birobox.hr\/luna\/shop\/blok-samoljepljivi-76x76mm-ultra-rainbow-680-listova-q-connect\/","og_site_name":"Birobox.hr","article_publisher":"https:\/\/www.facebook.com\/dominamhr\/","article_modified_time":"2026-04-02T12:03:27+00:00","og_image":[{"width":480,"height":480,"url":"https:\/\/birobox.hr\/luna\/wp-content\/uploads\/2026\/04\/KF02515.jpg","type":"image\/jpeg"}],"twitter_card":"summary_large_image","schema":{"@context":"https:\/\/schema.org","@graph":[{"@type":"WebPage","@id":"https:\/\/birobox.hr\/luna\/shop\/blok-samoljepljivi-76x76mm-ultra-rainbow-680-listova-q-connect\/","url":"https:\/\/birobox.hr\/luna\/shop\/blok-samoljepljivi-76x76mm-ultra-rainbow-680-listova-q-connect\/","name":"Blok samoljepljivi 76x76mm ULTRA Rainbow 6*80 listova Q-CONNECT - Birobox.hr","isPartOf":{"@id":"https:\/\/birobox.hr\/luna\/#website"},"primaryImageOfPage":{"@id":"https:\/\/birobox.hr\/luna\/shop\/blok-samoljepljivi-76x76mm-ultra-rainbow-680-listova-q-connect\/#primaryimage"},"image":{"@id":"https:\/\/birobox.hr\/luna\/shop\/blok-samoljepljivi-76x76mm-ultra-rainbow-680-listova-q-connect\/#primaryimage"},"thumbnailUrl":"https:\/\/birobox.hr\/luna\/wp-content\/uploads\/2026\/04\/KF02515.jpg","datePublished":"2026-04-02T12:01:42+00:00","dateModified":"2026-04-02T12:03:27+00:00","breadcrumb":{"@id":"https:\/\/birobox.hr\/luna\/shop\/blok-samoljepljivi-76x76mm-ultra-rainbow-680-listova-q-connect\/#breadcrumb"},"inLanguage":"hr","potentialAction":[{"@type":"ReadAction","target":["https:\/\/birobox.hr\/luna\/shop\/blok-samoljepljivi-76x76mm-ultra-rainbow-680-listova-q-connect\/"]}]},{"@type":"ImageObject","inLanguage":"hr","@id":"https:\/\/birobox.hr\/luna\/shop\/blok-samoljepljivi-76x76mm-ultra-rainbow-680-listova-q-connect\/#primaryimage","url":"https:\/\/birobox.hr\/luna\/wp-content\/uploads\/2026\/04\/KF02515.jpg","contentUrl":"https:\/\/birobox.hr\/luna\/wp-content\/uploads\/2026\/04\/KF02515.jpg","width":480,"height":480},{"@type":"BreadcrumbList","@id":"https:\/\/birobox.hr\/luna\/shop\/blok-samoljepljivi-76x76mm-ultra-rainbow-680-listova-q-connect\/#breadcrumb","itemListElement":[{"@type":"ListItem","position":1,"name":"Po\u010detna stranica","item":"https:\/\/birobox.hr\/luna\/"},{"@type":"ListItem","position":2,"name":"Shop","item":"https:\/\/birobox.hr\/luna\/shop\/"},{"@type":"ListItem","position":3,"name":"Blok samoljepljivi 76x76mm ULTRA Rainbow 6*80 listova Q-CONNECT"}]},{"@type":"WebSite","@id":"https:\/\/birobox.hr\/luna\/#website","url":"https:\/\/birobox.hr\/luna\/","name":"Birobox.hr","description":"","publisher":{"@id":"https:\/\/birobox.hr\/luna\/#organization"},"potentialAction":[{"@type":"SearchAction","target":{"@type":"EntryPoint","urlTemplate":"https:\/\/birobox.hr\/luna\/?s={search_term_string}"},"query-input":{"@type":"PropertyValueSpecification","valueRequired":true,"valueName":"search_term_string"}}],"inLanguage":"hr"},{"@type":"Organization","@id":"https:\/\/birobox.hr\/luna\/#organization","name":"Birobox.hr","url":"https:\/\/birobox.hr\/luna\/","logo":{"@type":"ImageObject","inLanguage":"hr","@id":"https:\/\/birobox.hr\/luna\/#\/schema\/logo\/image\/","url":"https:\/\/birobox.hr\/luna\/wp-content\/uploads\/2023\/12\/cropped-logo-1-1.jpg","contentUrl":"https:\/\/birobox.hr\/luna\/wp-content\/uploads\/2023\/12\/cropped-logo-1-1.jpg","width":371,"height":115,"caption":"Birobox.hr"},"image":{"@id":"https:\/\/birobox.hr\/luna\/#\/schema\/logo\/image\/"},"sameAs":["https:\/\/www.facebook.com\/dominamhr\/"]}]}},"_links":{"self":[{"href":"https:\/\/birobox.hr\/luna\/wp-json\/wp\/v2\/product\/25748","targetHints":{"allow":["GET"]}}],"collection":[{"href":"https:\/\/birobox.hr\/luna\/wp-json\/wp\/v2\/product"}],"about":[{"href":"https:\/\/birobox.hr\/luna\/wp-json\/wp\/v2\/types\/product"}],"replies":[{"embeddable":true,"href":"https:\/\/birobox.hr\/luna\/wp-json\/wp\/v2\/comments?post=25748"}],"wp:featuredmedia":[{"embeddable":true,"href":"https:\/\/birobox.hr\/luna\/wp-json\/wp\/v2\/media\/25749"}],"wp:attachment":[{"href":"https:\/\/birobox.hr\/luna\/wp-json\/wp\/v2\/media?parent=25748"}],"wp:term":[{"taxonomy":"product_brand","embeddable":true,"href":"https:\/\/birobox.hr\/luna\/wp-json\/wp\/v2\/product_brand?post=25748"},{"taxonomy":"product_cat","embeddable":true,"href":"https:\/\/birobox.hr\/luna\/wp-json\/wp\/v2\/product_cat?post=25748"},{"taxonomy":"product_tag","embeddable":true,"href":"https:\/\/birobox.hr\/luna\/wp-json\/wp\/v2\/product_tag?post=25748"}],"curies":[{"name":"wp","href":"https:\/\/api.w.org\/{rel}","templated":true}]}}